{"id":103,"date":"2015-03-29T13:07:14","date_gmt":"2015-03-29T11:07:14","guid":{"rendered":"http:\/\/geschichte.leidersbach.de\/?page_id=103"},"modified":"2019-12-31T16:30:48","modified_gmt":"2019-12-31T15:30:48","slug":"aktivitaeten-des-vereins","status":"publish","type":"page","link":"https:\/\/geschichte.leidersbach.de\/?page_id=103","title":{"rendered":"Aktivit\u00e4ten des Vereins"},"content":{"rendered":"<p>Durch unsere Aktivit\u00e4ten wurden in den vergangenen Jahren vieles erneuert, renoviert, wieder aufgebaut. Dazu fanden wir immer viele Helferinnen und Helfer sowie den gemeindlichen Bauhof etc.!<br \/>\nHier eine Zusammenstellung, die aber nicht vollst\u00e4ndig sein kann und will.<\/p>\n<p>\u20222019 Restaurierung Bildstock oberhalb der Sommerstra\u00dfe in Ro\u00dfbach<br \/>\n\u20222018\/2019 Altenburg &#8211; Rekonstruktion des Keltenhauses und Teile der Pfostenschlitzmauer<br \/>\n\u20222017\/2018 Umsetzung \u201eMariahilf-Bildstock Ebersbach\u201c Ecke Siedlungstra\u00dfe<br \/>\n\u20222017 historische Schneiderstube + Schneidereihistorie im Rathaus<br \/>\n\u20222017 Restaurierung der Kreuzigungsgruppe Leidersbach<br \/>\n\u20222016 Restaurierung der Kriegerfahnen Leidersbach + Ro\u00dfbach<br \/>\n\u20222015 Wiedererrichtung Bildstock an der Ingerschwemm im Garten Erna Weis<br \/>\n\u20222014 Ausstellung; 100 Jahre Kriegsbeginn 1914 im Rathaus<br \/>\n\u20222014 Errichtung \u201eMariengrotte\u201c als Teil des Kultur- und Besinnungswegs<br \/>\n\u20222013 Errichtung Bildstock am ehemaligen Standort Marienkapelle Leidersbach<br \/>\n\u20222011 Restaurierung Bildstock Sommerstra\u00dfe Ro\u00dfbach<br \/>\n\u20222010 Gedenksteine f\u00fcr die Quellbrunnen: &#8222;Rosselbrunn&#8220; + &#8222;Gei\u00dfbrunn&#8220; im Eichw\u00e4ldchen<br \/>\n\u20222010 Errichtung Brunnen am Dorfplatz Ro\u00dfbach<br \/>\n\u20222009\/2010 Restaurierung von 4 Bildst\u00f6cken in Volkersbrunn:<br \/>\n&nbsp;&nbsp;&nbsp; 1. Ortsausgang von Volkersbrunn &#8222;Am Bild&#8220;<br \/>\n&nbsp;&nbsp;&nbsp; 2. Bildstock im &#8222;Junges Bauerngut&#8220;<br \/>\n&nbsp;&nbsp;&nbsp; 3. Bildstock im &#8222;Sators Gut&#8220;<br \/>\n&nbsp;&nbsp;&nbsp; 4. Bildstock im &#8222;altes Bauerngut&#8220;<br \/>\n\u20222008\/2009 Gedenkstein f\u00fcr Heimatvertriebene bei Furth\/Wald, veranlasst von Alois Reitmeier<br \/>\n\u20222008 Neuaufbau des Bildstocks &#8222;Franz Eduard Bauer&#8220; an der Schutzh\u00fctte<br \/>\n\u20222007 Neuaufbau des Bildstocks in der Brunnengasse in Ro\u00dfbach<br \/>\n\u20222007 Sanierung der Kirchenmauer in Ro\u00dfbach<br \/>\n\u20222006 Neuerrichtung des Bildstockes an der Hauptstra\u00dfe 137<br \/>\n\u20222005 Errichtung des Brunnens auf dem Marienplatz<br \/>\n\u20222004 Neugestaltung des Platzes &#8222;Insel Greta&#8220; in Leidersbach<br \/>\n\u20222003 Neuaufbau des &#8222;Herz-Jesu-Bildstocks&#8220; am Marienplatz<br \/>\n\u20222003 Errichtung des Gedenksteins der Heimatvertriebenen in Leidersbach<br \/>\n\u20222002 Neugestaltung des Platzes an der Kreuzigungsgruppe in Leidersbach<br \/>\n\u20222001\/2002 Versetzung der Marienkapelle in Leidersbach<br \/>\n\u20222001 Neuaufbau des Bildstocks an der Hauptstra\u00dfe 15<br \/>\n\u20222000 Restaurierung des Wegekreuzes an der Hauptstra\u00dfe 115<br \/>\n\u20222000 Ausrichtung der 800 Jahrfeier der Gemeinde Leidersbach<br \/>\n\u20221996 Restaurierung des Krieger-Ehrenmals in Ro\u00dfbach<br \/>\n\u20221996 Mithilfe Sanierung \u201eMarienkapelle Ro\u00dfbach\u201c<br \/>\n\u20221995 Neuaufbau des Bildstocks in der &#8222;Ingerschwemm&#8220;<\/p>\n<p>&nbsp;<\/p>\n","protected":false},"excerpt":{"rendered":"<p>Durch unsere Aktivit\u00e4ten wurden in den vergangenen Jahren vieles erneuert, renoviert, wieder aufgebaut. Dazu fanden wir immer viele Helferinnen und Helfer sowie den gemeindlichen Bauhof<\/p>\n","protected":false},"author":1,"featured_media":0,"parent":0,"menu_order":0,"comment_status":"closed","ping_status":"closed","template":"","meta":{"ngg_post_thumbnail":0,"footnotes":""},"class_list":["post-103","page","type-page","status-publish","hentry"],"_links":{"self":[{"href":"https:\/\/geschichte.leidersbach.de\/index.php?rest_route=\/wp\/v2\/pages\/103","targetHints":{"allow":["GET"]}}],"collection":[{"href":"https:\/\/geschichte.leidersbach.de\/index.php?rest_route=\/wp\/v2\/pages"}],"about":[{"href":"https:\/\/geschichte.leidersbach.de\/index.php?rest_route=\/wp\/v2\/types\/page"}],"author":[{"embeddable":true,"href":"https:\/\/geschichte.leidersbach.de\/index.php?rest_route=\/wp\/v2\/users\/1"}],"replies":[{"embeddable":true,"href":"https:\/\/geschichte.leidersbach.de\/index.php?rest_route=%2Fwp%2Fv2%2Fcomments&post=103"}],"version-history":[{"count":6,"href":"https:\/\/geschichte.leidersbach.de\/index.php?rest_route=\/wp\/v2\/pages\/103\/revisions"}],"predecessor-version":[{"id":930504,"href":"https:\/\/geschichte.leidersbach.de\/index.php?rest_route=\/wp\/v2\/pages\/103\/revisions\/930504"}],"wp:attachment":[{"href":"https:\/\/geschichte.leidersbach.de\/index.php?rest_route=%2Fwp%2Fv2%2Fmedia&parent=103"}],"curies":[{"name":"wp","href":"https:\/\/api.w.org\/{rel}","templated":true}]}}