{"id":2,"date":"2015-02-11T15:48:51","date_gmt":"2015-02-11T15:48:51","guid":{"rendered":"http:\/\/geschichte.leidersbach.de\/?page_id=2"},"modified":"2019-06-25T17:24:08","modified_gmt":"2019-06-25T15:24:08","slug":"beispiel-seite","status":"publish","type":"page","link":"https:\/\/geschichte.leidersbach.de\/?page_id=2","title":{"rendered":"Willkommen beim Heimat- und Geschichtsverein"},"content":{"rendered":"<p><img loading=\"lazy\" decoding=\"async\" class=\"aligncenter wp-image-74\" src=\"http:\/\/geschichte.leidersbach.de\/wp-content\/uploads\/2015\/02\/kirchen-300x190.jpg\" alt=\"kirchen\" width=\"500\" height=\"316\" srcset=\"https:\/\/geschichte.leidersbach.de\/wp-content\/uploads\/2015\/02\/kirchen-300x190.jpg 300w, https:\/\/geschichte.leidersbach.de\/wp-content\/uploads\/2015\/02\/kirchen.jpg 395w\" sizes=\"auto, (max-width: 500px) 100vw, 500px\" \/><\/p>\n<p>Der Heimat- und Geschichtsverein Leidersbach ist ein eingetragener und gemeinn\u00fctzig anerkannter Verein. Er wurde 1983 gegr\u00fcndet und verfolgt ausschlie\u00dflich gemeinn\u00fctzige Zwecke, insbesondere durch die Pflege und die F\u00f6rderung der Heimatverbundenheit und des Geschichtsbewusstseins. Der Verein ist politisch und religi\u00f6s neutral.<\/p>\n<p><strong>I<\/strong><strong>m Einzelnen hat sich der&nbsp;Heimat-&nbsp;und Geschichtsverein folgende Ziele gesetzt:&nbsp;<\/strong><\/p>\n<ul>\n<li>Gegenst\u00e4nde aus vergangenen Zeiten zu sammeln, um&nbsp;diese f\u00fcr alle&nbsp;auszustellen<\/li>\n<li>die Geschichte der Vereine in den Ortsteilen zu dokumentieren und zu archivieren<\/li>\n<li>ortsgeschichtlich wertvolle Dokumente, Fotografien und Urkunden zu archivieren<\/li>\n<li>durch gezielte Ma\u00dfnahmen zur Ortsversch\u00f6nerung von Leidersbach beizutragen<\/li>\n<li>durch Veranstaltungen, wie die&nbsp;Ausstellungen,&nbsp;das kulturelle Leben zu bereichern<\/li>\n<li>historisch&nbsp;Bedeutsames in der Gemarkung&nbsp;Leidersbach zu erhalten und zu pflegen<\/li>\n<\/ul>\n","protected":false},"excerpt":{"rendered":"<p>Der Heimat- und Geschichtsverein Leidersbach ist ein eingetragener und gemeinn\u00fctzig anerkannter Verein. Er wurde 1983 gegr\u00fcndet und verfolgt ausschlie\u00dflich gemeinn\u00fctzige Zwecke, insbesondere durch die Pflege<\/p>\n","protected":false},"author":1,"featured_media":0,"parent":0,"menu_order":0,"comment_status":"closed","ping_status":"closed","template":"","meta":{"ngg_post_thumbnail":0,"footnotes":""},"class_list":["post-2","page","type-page","status-publish","hentry"],"_links":{"self":[{"href":"https:\/\/geschichte.leidersbach.de\/index.php?rest_route=\/wp\/v2\/pages\/2","targetHints":{"allow":["GET"]}}],"collection":[{"href":"https:\/\/geschichte.leidersbach.de\/index.php?rest_route=\/wp\/v2\/pages"}],"about":[{"href":"https:\/\/geschichte.leidersbach.de\/index.php?rest_route=\/wp\/v2\/types\/page"}],"author":[{"embeddable":true,"href":"https:\/\/geschichte.leidersbach.de\/index.php?rest_route=\/wp\/v2\/users\/1"}],"replies":[{"embeddable":true,"href":"https:\/\/geschichte.leidersbach.de\/index.php?rest_route=%2Fwp%2Fv2%2Fcomments&post=2"}],"version-history":[{"count":8,"href":"https:\/\/geschichte.leidersbach.de\/index.php?rest_route=\/wp\/v2\/pages\/2\/revisions"}],"predecessor-version":[{"id":740115,"href":"https:\/\/geschichte.leidersbach.de\/index.php?rest_route=\/wp\/v2\/pages\/2\/revisions\/740115"}],"wp:attachment":[{"href":"https:\/\/geschichte.leidersbach.de\/index.php?rest_route=%2Fwp%2Fv2%2Fmedia&parent=2"}],"curies":[{"name":"wp","href":"https:\/\/api.w.org\/{rel}","templated":true}]}}