{"id":415786,"date":"2018-05-23T16:23:30","date_gmt":"2018-05-23T14:23:30","guid":{"rendered":"http:\/\/geschichte.leidersbach.de\/?page_id=415786"},"modified":"2025-12-22T12:13:17","modified_gmt":"2025-12-22T11:13:17","slug":"heimatkalender","status":"publish","type":"page","link":"https:\/\/geschichte.leidersbach.de\/?page_id=415786","title":{"rendered":"Heimatkalender"},"content":{"rendered":"<p>Seit 1995 erscheint allj\u00e4hrlich unser Heimatkalender. Mit einer Auflage von ca 500 St\u00fcck ist er in vielen Familien unserer Gemeinde, aber auch im weiten Umkreis, sehr begehrt.<\/p>\n<p>\u00dcbersicht \u00fcber die Themen unserer Heimatkalender:<\/p>\n<p><a href=\"http:\/\/geschichte.leidersbach.de\/?3d-flip-book=heimatkalender-1995\">1995 Geb\u00e4ude, die verschwunden sind, aus den vier Ortsteilen<\/a><br \/>\n<a href=\"http:\/\/geschichte.leidersbach.de\/?3d-flip-book=heimatkalender-1996\">1996 Pers\u00f6nlichkeiten und Originale aus unserer Heimatgemeinde<\/a><br \/>\n<a href=\"http:\/\/geschichte.leidersbach.de\/?3d-flip-book=heimatkalender-1997\">1997 Menschengruppen aus unserer Heimatgemeinde begleiten durchs Jahr<\/a><a href=\"http:\/\/geschichte.leidersbach.de\/?post_type=3d-flip-book&amp;p=666132&amp;preview=true\"><img loading=\"lazy\" decoding=\"async\" class=\"alignright wp-image-603747 size-medium\" src=\"http:\/\/geschichte.leidersbach.de\/wp-content\/uploads\/2019\/02\/2019-Heimatkalender-e1550241581739-211x300.jpg\" alt=\"\" width=\"211\" height=\"300\" srcset=\"https:\/\/geschichte.leidersbach.de\/wp-content\/uploads\/2019\/02\/2019-Heimatkalender-e1550241581739-211x300.jpg 211w, https:\/\/geschichte.leidersbach.de\/wp-content\/uploads\/2019\/02\/2019-Heimatkalender-e1550241581739-768x1093.jpg 768w, https:\/\/geschichte.leidersbach.de\/wp-content\/uploads\/2019\/02\/2019-Heimatkalender-e1550241581739-720x1024.jpg 720w, https:\/\/geschichte.leidersbach.de\/wp-content\/uploads\/2019\/02\/2019-Heimatkalender-e1550241581739-105x150.jpg 105w, https:\/\/geschichte.leidersbach.de\/wp-content\/uploads\/2019\/02\/2019-Heimatkalender-e1550241581739-400x569.jpg 400w\" sizes=\"auto, (max-width: 211px) 100vw, 211px\" \/><\/a><br \/>\n<a href=\"http:\/\/geschichte.leidersbach.de\/?3d-flip-book=heimatkalender-1998\">1998 Traditionsvereine unserer Heimatgemeinde im Jahresgeschehen<\/a><br \/>\n<a href=\"http:\/\/geschichte.leidersbach.de\/?3d-flip-book=heimatkalender-1999\">1999 Markante Geb\u00e4ude \u2013 einst und jetzt \u2013 in unserer Gemeinde<\/a><br \/>\n<a href=\"http:\/\/geschichte.leidersbach.de\/?3d-flip-book=heimatkalender-2000\">2000 Kirchliche Feste und Br\u00e4uche im Kalenderjahr<\/a><br \/>\n<a href=\"http:\/\/geschichte.leidersbach.de\/?3d-flip-book=heimatkalender-2001\">2001 800 Jahre: Das gro\u00dfe Jubil\u00e4um und die kleinen Jubil\u00e4en<\/a><br \/>\n<a href=\"http:\/\/geschichte.leidersbach.de\/?3d-flip-book=heimatkalender-2002\">2002 Das Leben in den F\u00fcnfziger Jahren<\/a><br \/>\n<a href=\"http:\/\/geschichte.leidersbach.de\/?3d-flip-book=heimatkalender-2003\">2003 Planungen und Ereignisse der Sechziger Jahre<\/a><br \/>\n<a href=\"http:\/\/geschichte.leidersbach.de\/?3d-flip-book=heimatkalender-2004\">2004 Erinnerungen aus den Siebziger Jahren<\/a><br \/>\n<a href=\"http:\/\/geschichte.leidersbach.de\/?3d-flip-book=heimatkalender-2005\">2005 Gasth\u00e4user im Grund<\/a><br \/>\n<a href=\"http:\/\/geschichte.leidersbach.de\/?3d-flip-book=heimatkalender-2006\">2006 Seelsorger in und aus unseren vier Ortsteilen<\/a><br \/>\n<a href=\"http:\/\/geschichte.leidersbach.de\/?3d-flip-book=heimatkalender-2007\">2007 Ordensbr\u00fcder und Ordensschwestern in unseren vier Ortsteilen<\/a><br \/>\n<a href=\"http:\/\/geschichte.leidersbach.de\/?3d-flip-book=heimatkalender-2008\">2008 B\u00fcrgermeister und Gemeinder\u00e4te in unseren vier Ortsteilen<\/a><br \/>\n<a href=\"http:\/\/geschichte.leidersbach.de\/?3d-flip-book=heimatkalender-2009\">2009 25 Jahre HGV: Durch Eigeninitiative wurde vieles gestaltet<\/a><br \/>\n<a href=\"http:\/\/geschichte.leidersbach.de\/?3d-flip-book=heimatkalender-2010\">2010 1. Heilige Kommunion in unseren vier Ortsteilen<\/a><br \/>\n<a href=\"http:\/\/geschichte.leidersbach.de\/?3d-flip-book=heimatkalender-2011\">2011 Sch\u00f6n war die Schulzeit<\/a><br \/>\n<a href=\"http:\/\/geschichte.leidersbach.de\/?3d-flip-book=heimatkalender-2012\">2012 Vereine im Grund<\/a><br \/>\n<a href=\"http:\/\/geschichte.leidersbach.de\/?3d-flip-book=heimatkalender-2013\">2013 Alte Berufe, zum Teil ausgestorben<\/a><br \/>\n<a href=\"http:\/\/geschichte.leidersbach.de\/?3d-flip-book=heimatkalender-2014\">2014 Brautpaare im Wandel der Zeit<\/a><br \/>\n<a href=\"http:\/\/geschichte.leidersbach.de\/?3d-flip-book=heimatkalender-2015\">2015 Der Schritt ins Leben: Schuleintritt \u2013 Schulaustritt<\/a><br \/>\n<a href=\"http:\/\/geschichte.leidersbach.de\/?3d-flip-book=heimatkalender-2016\">2016 Das waren unsere Tante-Emma-L\u00e4den<\/a><br \/>\n<a href=\"http:\/\/geschichte.leidersbach.de\/?3d-flip-book=heimatkalender-2017\">2017 Unsere Gasth\u00e4user und ihre G\u00e4ste<\/a><br \/>\n<a href=\"http:\/\/geschichte.leidersbach.de\/?3d-flip-book=heimatkalender-2018\">2018 1. Heilige Kommunion in den Grundgemeinden<\/a><br \/>\n<a href=\"http:\/\/geschichte.leidersbach.de\/?3d-flip-book=heimatkalender-2019\">2019 Unsere Gruppen, Stammtische und Vereine<\/a><br \/>\n<a href=\"http:\/\/geschichte.leidersbach.de\/?3d-flip-book=heimatkalender-2020\">2020 Die Altenburg, Sagen und Geschichte<\/a><br \/>\n<a href=\"https:\/\/geschichte.leidersbach.de\/?3d-flip-book=heimatkalender-2021\">2021 Die Achtziger Jahre, So war das damals<\/a><br \/>\n<a href=\"https:\/\/geschichte.leidersbach.de\/?3d-flip-book=heimatkalender-2022\">2022 Damals und Heute<\/a><br \/>\n<a href=\"https:\/\/geschichte.leidersbach.de\/?3d-flip-book=heimatkalender-2023\">2023 50 Jahre Gro\u00dfgemeinde Leidersbach<\/a><br \/>\n<a href=\"https:\/\/geschichte.leidersbach.de\/?3d-flip-book=heimatkalender-2024\">2024 Unsere Vereine und ihre Erfolge<\/a><br \/>\n<a href=\"https:\/\/geschichte.leidersbach.de\/?3d-flip-book=heimatkalender-2025\">2025 Berufe, die uns allt\u00e4glich versorgen<\/a><\/p>\n","protected":false},"excerpt":{"rendered":"<p>Seit 1995 erscheint allj\u00e4hrlich unser Heimatkalender. Mit einer Auflage von ca 500 St\u00fcck ist er in vielen Familien unserer Gemeinde, aber auch im weiten Umkreis,<\/p>\n","protected":false},"author":1,"featured_media":0,"parent":0,"menu_order":0,"comment_status":"closed","ping_status":"closed","template":"","meta":{"ngg_post_thumbnail":0,"footnotes":""},"class_list":["post-415786","page","type-page","status-publish","hentry"],"_links":{"self":[{"href":"https:\/\/geschichte.leidersbach.de\/index.php?rest_route=\/wp\/v2\/pages\/415786","targetHints":{"allow":["GET"]}}],"collection":[{"href":"https:\/\/geschichte.leidersbach.de\/index.php?rest_route=\/wp\/v2\/pages"}],"about":[{"href":"https:\/\/geschichte.leidersbach.de\/index.php?rest_route=\/wp\/v2\/types\/page"}],"author":[{"embeddable":true,"href":"https:\/\/geschichte.leidersbach.de\/index.php?rest_route=\/wp\/v2\/users\/1"}],"replies":[{"embeddable":true,"href":"https:\/\/geschichte.leidersbach.de\/index.php?rest_route=%2Fwp%2Fv2%2Fcomments&post=415786"}],"version-history":[{"count":25,"href":"https:\/\/geschichte.leidersbach.de\/index.php?rest_route=\/wp\/v2\/pages\/415786\/revisions"}],"predecessor-version":[{"id":3230378,"href":"https:\/\/geschichte.leidersbach.de\/index.php?rest_route=\/wp\/v2\/pages\/415786\/revisions\/3230378"}],"wp:attachment":[{"href":"https:\/\/geschichte.leidersbach.de\/index.php?rest_route=%2Fwp%2Fv2%2Fmedia&parent=415786"}],"curies":[{"name":"wp","href":"https:\/\/api.w.org\/{rel}","templated":true}]}}