{"id":930505,"date":"2019-12-31T17:27:19","date_gmt":"2019-12-31T16:27:19","guid":{"rendered":"https:\/\/geschichte.leidersbach.de\/?page_id=930505"},"modified":"2020-01-23T10:24:38","modified_gmt":"2020-01-23T09:24:38","slug":"wir-ueber-uns","status":"publish","type":"page","link":"https:\/\/geschichte.leidersbach.de\/?page_id=930505","title":{"rendered":"Wir \u00fcber uns"},"content":{"rendered":"<h2><strong>Heimat- und Geschichtsverein!<\/strong><\/h2>\n<p style=\"text-align: justify;\">Zu allen Zeiten wurden historisch herausragende, f\u00fcr die Menschen ihrer Zeit wichtige Ereignisse in diversen Akten festgehalten. Bilder kamen erst sehr sp\u00e4t dazu. Diese Aufzeichnungen sind im Allgemeinen in den Gemeindeakten, aber auch in den Schulchroniken zu finden. Daher ist es logisch, dass dies alles von den Gemeindeschreibern und den Lehrern aufgezeichnet worden ist. So war es auch in Leidersbach und seinen Ortsteilen.<br \/>\nUm diese Unterlagen zu sichern und der Nachwelt zug\u00e4nglich zu machen, wurde auf Initiative des damaligen 1. B\u00fcrgermeister Gerhard Nebel und Lehrer Valentin Zehnter der Heimat- und Geschichtsverein Leidersbach gegr\u00fcndet. Laut Protokoll fand die Gr\u00fcndungsversammlung des Heimat- und Geschichtsvereins \u2013 HGV &#8211; am 25. November 1983 im Gasthaus Krone in Leidersbach statt. Die Namen der 17 Gr\u00fcndungsmitglieder sind im Protokoll festgehalten.<\/p>\n<p>Man setzte sich gleich Ziele f\u00fcr die heimatkundlichen Arbeit<br \/>\n&#8211; die Vergangenheit ergr\u00fcnden<br \/>\n&#8211; die Gegenwart bewahren<br \/>\n&#8211; die Zukunft gestalten<\/p>\n<p style=\"text-align: justify;\">Wichtig war dem HGV auch, dass in allen 4 Ortsteilen Aktivit\u00e4ten durchgef\u00fchrt werden und von dort auch Unterlagen gesammelt werden. Zum 1. Vorsitzenden wurde Rektor Gerhard Hofmann gew\u00e4hlt, der dieses Amt bis 1990 begleitete. Er \u00fcbergab dann das Amt des 1. Vorsitzenden an Konrektor Valentin Zehnter, der dieses Amt bis heute aus\u00fcbt. Erfreulich ist auch, dass seit Gr\u00fcndung des HGV die Kasse Elmar Aulbach gewissenhaft verwaltete, bis er diese jetzt im Jahr 2019 an seinen Neffen Ignaz Aulbach \u00fcbergab.<br \/>\nDer HGV konnte sehr bald auf einen reichhaltigen Fundus zur\u00fcckgreifen. Es hatten bereits viele Personen privat Sammlungen angelegt, die jetzt sukzessive in den Besitz des HGV`s \u00fcbergingen. In erster Linie fand man Unterlagen in den Gemeindeakten und den Schulchroniken. Auch wurden zahlreiche Exponate von Privatpersonen geliefert.<\/p>\n<p style=\"text-align: justify;\">Hier die wichtigsten Personen, die in der Gr\u00fcnderzeit Unterlagen und Bilder lieferten:<br \/>\nEbersbach: Franziska Schneider, Lydia Geis, Stefan Els\u00e4sser<br \/>\nLeidersbach: Gerhard Nebel, Alfons Wolf, Elmar Aulbach<br \/>\nRo\u00dfbach: Gerhard Hofmann, Valentin Zehnter<br \/>\nVolkersbrunn: Karl Schmitt, Engelbert Kempf<\/p>\n<p style=\"text-align: justify;\">\nDie gro\u00dfe Zahl weiterer Lieferanten kann man hier nicht auff\u00fchren, sind aber bei ihren Exponaten namentlich festgehalten.<br \/>\nDaneben hatte Valentin Zehnter bereits mehrere Tausend Bilder aus den vier Ortsteilen gesammelt, die viele Ereignisse der letzten 100 Jahre bildlich festhalten und lebendig halten. Ein gro\u00dfes Problem war, wo findet man den Platz f\u00fcr diese unz\u00e4hligen Unterlagen, die jeder f\u00fcr sich daheim hatte. Seit dem Jahr 2000 \u00fcberlie\u00df die Gemeinde dem HGV ein Zimmer im Rathaus, in dem jetzt die meisten Unterlagen deponiert sind. Noch haben viele Privatpersonen zahlreiche Unterlagen bei sich zu Hause, doch will man diese sukzessive in den HGV-Besitz \u00fcberf\u00fchren. \u00dcber fast alle wichtigen Ereignisse der letzten Hundert Jahre kann der HGV Auskunft geben. Inzwischen konnte der HGV, stets durch die Gemeinde, aber auch viele ehrenamtliche Mitstreiter unterst\u00fctzt, viele Aktionen durchf\u00fchren. Viele davon lassen sich auf der HGV-Homepage nachlesen.<\/p>\n<p style=\"text-align: justify;\">Ein Schwerpunkt war dabei, die zahlreichen Bildst\u00f6cke unserer vier Ortsteile zu erhalten, zu restaurieren und teils wieder zu errichten. Hier waren ma\u00dfgeblich beteiligt, Oswald Franz und sein Neffe Rudi Weis, die hier ihr handwerkliches Geschick ausleben konnten. Herausragende Aktionen waren dabei, die Versetzung der Marienkapelle, die Grotte am Besinnungsweg, Sanierung des Kriegerdenkmals in der Bergstra\u00dfe und die diverse Sandsteinmauern, die meist unter der Regie des HGV`s bewerkstelligt worden sind.<\/p>\n<p style=\"text-align: justify;\">\nEin weiterer Schwerpunkt des letzten Jahrzehnts waren die Arbeiten auf der Altenburg, die je zur H\u00e4lfte zu Sulzbach\/Soden und Leidersbach\/Ebersbach geh\u00f6rt. Man gr\u00fcndete die ARGE Altenburg, zu der die B\u00fcrgermeister der beiden Kommunen Sulzbach und Leidersbach, zus\u00e4tzlich die Vorsitzenden der beiden Geschichtsvereine, sowie als Kassier Elmar Aulbach geh\u00f6ren. In den Jahren 2008 und 2009 erforschten Helfer der ARGE unter der Leistung des Arch\u00e4ologen Harald Rosmanitz die Geschichte der Altenburg. Die Ergebnisse sind in einem Buch festgehalten, die Funde sind im Besitz der ARGE. Das Buch kann k\u00e4uflich beim HGV erworben werden.<br \/>\nIn den Jahren 2018 und 2019 wurde jetzt die Anlage teilweise rekonstruiert, um den Besucher einen Einblick \u00fcber das Leben auf der Altenburg zur Keltenzeit und zuvor zu gew\u00e4hren. Die rund 10 m lange, 3.30 m hohe und ca 80 cm dicke Pfostenschlitzmauer zeigt dem Wanderer wie imposant damals die Verteidigungsanlage war. Ebenfalls kann der Besucher im musealen Keltenhaus sehen, welche Einrichtungen die Kelten schon kannten. Im Haus erwartet eine Keltenfamilie, eine Feuerstelle, ein Webstuhl, eine Drechselbank, diverse Keramiksachen usw. dem historisch interessierten Besucher. F\u00fchrungen werden auf Anfragen gerne angeboten.<\/p>\n<p style=\"text-align: justify;\">\nZu einer weiteren Attraktion hat sich der allj\u00e4hrlich mit heimatlichen Themen herausgegebene Heimatkalender entwickelt. Viele Menschen warten schon sehns\u00fcchtig darauf, wenn er in der Vorweihnachtszeit angeboten wird.<br \/>\nAuch schriftliche Werke konnten mit Hilfe des HGV`s herausgegeben werden. Themen sind u.a.:<br \/>\n&#8211; Besiedlung unseres Tales, speziell die Streifeng\u00fcter und H\u00e4user!<br \/>\n&#8211; Geschichte der Bekleidungsindustrie<br \/>\n&#8211; kirchliche Geb\u00e4ude in unserer Gemeinde<br \/>\n&#8211; M\u00fchlen im \u201eGrund\u201c<br \/>\n&#8211; Ehrenb\u00fcrger und bekannte Pers\u00f6nlichkeiten<br \/>\n&#8211; Integration der Heimatvertriebenen<br \/>\n&#8211; Wasserversorgung in den 4 Ortsteilen<br \/>\n&#8211; Schulgeschichte<br \/>\nWeitere Themen sind in Bearbeitung!<br \/>\nDer HGV hofft, dass noch viele Mitb\u00fcrger auch k\u00fcnftig mithelfen, unsere Heimat zu erforschen, zu bewahren und zu gestalten. Mitarbeit ist stets herzlich willkommen. Details kann man in den Versammlungen des HGV`s erfahren.<\/p>\n<p><sub>Text: Valentin Zehnter<\/sub><\/p>\n","protected":false},"excerpt":{"rendered":"<p>Heimat- und Geschichtsverein! Zu allen Zeiten wurden historisch herausragende, f\u00fcr die Menschen ihrer Zeit wichtige Ereignisse in diversen Akten festgehalten. Bilder kamen erst sehr sp\u00e4t<\/p>\n","protected":false},"author":1,"featured_media":0,"parent":0,"menu_order":0,"comment_status":"closed","ping_status":"closed","template":"","meta":{"ngg_post_thumbnail":0,"footnotes":""},"class_list":["post-930505","page","type-page","status-publish","hentry"],"_links":{"self":[{"href":"https:\/\/geschichte.leidersbach.de\/index.php?rest_route=\/wp\/v2\/pages\/930505","targetHints":{"allow":["GET"]}}],"collection":[{"href":"https:\/\/geschichte.leidersbach.de\/index.php?rest_route=\/wp\/v2\/pages"}],"about":[{"href":"https:\/\/geschichte.leidersbach.de\/index.php?rest_route=\/wp\/v2\/types\/page"}],"author":[{"embeddable":true,"href":"https:\/\/geschichte.leidersbach.de\/index.php?rest_route=\/wp\/v2\/users\/1"}],"replies":[{"embeddable":true,"href":"https:\/\/geschichte.leidersbach.de\/index.php?rest_route=%2Fwp%2Fv2%2Fcomments&post=930505"}],"version-history":[{"count":6,"href":"https:\/\/geschichte.leidersbach.de\/index.php?rest_route=\/wp\/v2\/pages\/930505\/revisions"}],"predecessor-version":[{"id":959150,"href":"https:\/\/geschichte.leidersbach.de\/index.php?rest_route=\/wp\/v2\/pages\/930505\/revisions\/959150"}],"wp:attachment":[{"href":"https:\/\/geschichte.leidersbach.de\/index.php?rest_route=%2Fwp%2Fv2%2Fmedia&parent=930505"}],"curies":[{"name":"wp","href":"https:\/\/api.w.org\/{rel}","templated":true}]}}